{"id":35988,"date":"2026-03-22T17:38:36","date_gmt":"2026-03-22T17:38:36","guid":{"rendered":"https:\/\/www.alesportperu.com\/producto\/zapatilla-munich-greca-2-0\/"},"modified":"2026-05-12T20:15:27","modified_gmt":"2026-05-12T20:15:27","slug":"zapatilla-munich-greca-2-0","status":"publish","type":"product","link":"https:\/\/www.alesportperu.com\/es_es\/producto\/zapatilla-munich-greca-2-0\/","title":{"rendered":"Zapatilla Munich Greca 2.0"},"content":{"rendered":"<p>La Munich Gresca 2.0 es una evoluci\u00f3n de alto rendimiento del ic\u00f3nico modelo de f\u00fatbol sala, destacada por su dise\u00f1o futurista, durabilidad mejorada y materiales superiores. Esta zapatilla fusiona cuero\/serraje con sint\u00e9ticos, ofreciendo flexibilidad y un ajuste c\u00f3modo, ideal tanto para uso profesional como amateur.<\/p>","protected":false},"excerpt":{"rendered":"<p><strong class=\"Yjhzub\" data-sfc-root=\"c\" data-sfc-cb=\"\" data-processed=\"true\">Caracter\u00edsticas principales:<br \/>\n<\/strong><\/p>\n<ul class=\"KsbFXc U6u95\" data-sfc-root=\"c\" data-sfc-cb=\"\" data-processed=\"true\">\n<li class=\"dF3vjf\" data-sfc-root=\"c\" data-sfc-cb=\"\" data-hveid=\"CAMQAA\" data-processed=\"true\"><span class=\"T286Pc\" data-sfc-cp=\"\" data-sfc-root=\"c\" data-sfc-cb=\"\" data-processed=\"true\"><strong class=\"Yjhzub\" data-sfc-root=\"c\" data-sfc-cb=\"\" data-processed=\"true\">Dise\u00f1o renovado:<\/strong>\u00a0Look moderno con puntera reforzada de TPU para mayor control y protecci\u00f3n ante impactos.<\/span><\/li>\n<li class=\"dF3vjf\" data-sfc-root=\"c\" data-sfc-cb=\"\" data-hveid=\"CAMQAQ\" data-processed=\"true\"><span class=\"T286Pc\" data-sfc-cp=\"\" data-sfc-root=\"c\" data-sfc-cb=\"\" data-processed=\"true\"><strong class=\"Yjhzub\" data-sfc-root=\"c\" data-sfc-cb=\"\" data-processed=\"true\">Suela de alto agarre:<\/strong>\u00a0Suela de goma con Phylon y punto de giro que favorece la estabilidad y el agarre, previniendo lesiones.<\/span><\/li>\n<li class=\"dF3vjf\" data-sfc-root=\"c\" data-sfc-cb=\"\" data-hveid=\"CAMQAg\" data-processed=\"true\"><span class=\"T286Pc\" data-sfc-cp=\"\" data-sfc-root=\"c\" data-sfc-cb=\"\" data-processed=\"true\"><strong class=\"Yjhzub\" data-sfc-root=\"c\" data-sfc-cb=\"\" data-processed=\"true\">Durabilidad:<\/strong>\u00a0Fabricada con materiales resistentes que soportan la intensidad del futsal, incluyendo tejido el\u00e1stico en el tobillo para mayor comodidad.<\/span><\/li>\n<li class=\"dF3vjf\" data-sfc-root=\"c\" data-sfc-cb=\"\" data-hveid=\"CAMQAw\" data-processed=\"true\"><span class=\"T286Pc\" data-sfc-cp=\"\" data-sfc-root=\"c\" data-sfc-cb=\"\" data-processed=\"true\"><strong class=\"Yjhzub\" data-sfc-root=\"c\" data-sfc-cb=\"\" data-processed=\"true\">Versatilidad:<\/strong>\u00a0Disponible en m\u00faltiples colores, ideal para superficies indoor y outdoor.<\/span><\/li>\n<\/ul>\n<p>&nbsp;<\/p>","protected":false},"featured_media":35858,"comment_status":"open","ping_status":"closed","template":"","meta":{"_joinchat":[]},"product_brand":[],"product_cat":[77],"product_tag":[],"class_list":{"0":"post-35988","1":"product","2":"type-product","3":"status-publish","4":"has-post-thumbnail","6":"product_cat-hombre","8":"first","9":"instock","10":"sale","11":"shipping-taxable","12":"purchasable","13":"product-type-variable"},"_links":{"self":[{"href":"https:\/\/www.alesportperu.com\/es_es\/wp-json\/wp\/v2\/product\/35988","targetHints":{"allow":["GET"]}}],"collection":[{"href":"https:\/\/www.alesportperu.com\/es_es\/wp-json\/wp\/v2\/product"}],"about":[{"href":"https:\/\/www.alesportperu.com\/es_es\/wp-json\/wp\/v2\/types\/product"}],"replies":[{"embeddable":true,"href":"https:\/\/www.alesportperu.com\/es_es\/wp-json\/wp\/v2\/comments?post=35988"}],"version-history":[{"count":3,"href":"https:\/\/www.alesportperu.com\/es_es\/wp-json\/wp\/v2\/product\/35988\/revisions"}],"predecessor-version":[{"id":36287,"href":"https:\/\/www.alesportperu.com\/es_es\/wp-json\/wp\/v2\/product\/35988\/revisions\/36287"}],"wp:featuredmedia":[{"embeddable":true,"href":"https:\/\/www.alesportperu.com\/es_es\/wp-json\/wp\/v2\/media\/35858"}],"wp:attachment":[{"href":"https:\/\/www.alesportperu.com\/es_es\/wp-json\/wp\/v2\/media?parent=35988"}],"wp:term":[{"taxonomy":"product_brand","embeddable":true,"href":"https:\/\/www.alesportperu.com\/es_es\/wp-json\/wp\/v2\/product_brand?post=35988"},{"taxonomy":"product_cat","embeddable":true,"href":"https:\/\/www.alesportperu.com\/es_es\/wp-json\/wp\/v2\/product_cat?post=35988"},{"taxonomy":"product_tag","embeddable":true,"href":"https:\/\/www.alesportperu.com\/es_es\/wp-json\/wp\/v2\/product_tag?post=35988"}],"curies":[{"name":"wp","href":"https:\/\/api.w.org\/{rel}","templated":true}]}}