{"id":34951,"date":"2026-03-16T17:58:34","date_gmt":"2026-03-16T17:58:34","guid":{"rendered":"https:\/\/www.alesportperu.com\/producto\/prisma\/"},"modified":"2026-05-12T20:08:35","modified_gmt":"2026-05-12T20:08:35","slug":"prisma","status":"publish","type":"product","link":"https:\/\/www.alesportperu.com\/es_es\/producto\/prisma\/","title":{"rendered":"Zapatillas Munich Prisma"},"content":{"rendered":"<p>Las Munich Prisma son zapatillas de f\u00fatbol sala de gama alta dise\u00f1adas para velocidad, control y comodidad. Combinan piel natural extra suave con malla transpirable (tecnolog\u00eda Xtructural Mesh) para ligereza y ajuste. Destacan por su suela t\u00e9cnica Xlite de alta tracci\u00f3n y tecnolog\u00eda X-Arch, ideales para giros r\u00e1pidos y juegos intensos en pista.<\/p>","protected":false},"excerpt":{"rendered":"<div class=\"Y3BBE\" data-sfc-cp=\"\" data-sfc-root=\"c\" data-sfc-cb=\"\" data-hveid=\"CAIQAA\" data-processed=\"true\"><strong class=\"Yjhzub\" data-sfc-root=\"c\" data-sfc-cb=\"\" data-processed=\"true\">Caracter\u00edsticas:<\/strong><\/div>\n<ul class=\"KsbFXc U6u95\" data-sfc-root=\"c\" data-sfc-cb=\"\" data-processed=\"true\">\n<li class=\"dF3vjf\" data-sfc-root=\"c\" data-sfc-cb=\"\" data-hveid=\"CAMQAA\" data-processed=\"true\"><span class=\"T286Pc\" data-sfc-cp=\"\" data-sfc-root=\"c\" data-sfc-cb=\"\" data-processed=\"true\"><strong class=\"Yjhzub\" data-sfc-root=\"c\" data-sfc-cb=\"\" data-processed=\"true\">Empeine:<\/strong>\u00a0Piel natural extra suave en la zona de contacto para un toque preciso, combinada con materiales sint\u00e9ticos y malla para transpirabilidad.<\/span><\/li>\n<li class=\"dF3vjf\" data-sfc-root=\"c\" data-sfc-cb=\"\" data-hveid=\"CAMQAQ\" data-processed=\"true\"><span class=\"T286Pc\" data-sfc-cp=\"\" data-sfc-root=\"c\" data-sfc-cb=\"\" data-processed=\"true\"><strong class=\"Yjhzub\" data-sfc-root=\"c\" data-sfc-cb=\"\" data-processed=\"true\">Ajuste:<\/strong>\u00a0Forro de lycra y leng\u00fceta Fix que ofrece un ajuste c\u00f3modo y firme al pie.<\/span><\/li>\n<li class=\"dF3vjf\" data-sfc-root=\"c\" data-sfc-cb=\"\" data-hveid=\"CAMQAg\" data-processed=\"true\"><span class=\"T286Pc\" data-sfc-cp=\"\" data-sfc-root=\"c\" data-sfc-cb=\"\" data-processed=\"true\"><strong class=\"Yjhzub\" data-sfc-root=\"c\" data-sfc-cb=\"\" data-processed=\"true\">Suela:<\/strong>\u00a0Construcci\u00f3n de caucho de varias densidades (tecnolog\u00eda X-Lite) con gran capacidad de amortiguaci\u00f3n y estabilidad, dise\u00f1ada con punto de pivotaje para giros.<\/span><\/li>\n<li class=\"dF3vjf\" data-sfc-root=\"c\" data-sfc-cb=\"\" data-hveid=\"CAMQAw\" data-processed=\"true\"><span class=\"T286Pc\" data-sfc-cp=\"\" data-sfc-root=\"c\" data-sfc-cb=\"\" data-processed=\"true\"><strong class=\"Yjhzub\" data-sfc-root=\"c\" data-sfc-cb=\"\" data-processed=\"true\">Refuerzos:<\/strong>\u00a0Puntera de serraje (refuerzo) para aumentar la resistencia a la abrasi\u00f3n durante el juego.<\/span><\/li>\n<li class=\"dF3vjf\" data-sfc-root=\"c\" data-sfc-cb=\"\" data-hveid=\"CAMQBA\" data-processed=\"true\"><span class=\"T286Pc\" data-sfc-cp=\"\" data-sfc-root=\"c\" data-sfc-cb=\"\" data-processed=\"true\"><strong class=\"Yjhzub\" data-sfc-root=\"c\" data-sfc-cb=\"\" data-processed=\"true\">Perfil:<\/strong>\u00a0Dise\u00f1adas para jugadores \u00e1giles, ofreciendo una alta estabilidad (X-Arch) en superficies interiores (indoor\/parquet).<\/span><\/li>\n<\/ul>","protected":false},"featured_media":34947,"comment_status":"open","ping_status":"closed","template":"","meta":{"_joinchat":[]},"product_brand":[],"product_cat":[77],"product_tag":[],"class_list":{"0":"post-34951","1":"product","2":"type-product","3":"status-publish","4":"has-post-thumbnail","6":"product_cat-hombre","8":"first","9":"instock","10":"sale","11":"shipping-taxable","12":"purchasable","13":"product-type-variable"},"_links":{"self":[{"href":"https:\/\/www.alesportperu.com\/es_es\/wp-json\/wp\/v2\/product\/34951","targetHints":{"allow":["GET"]}}],"collection":[{"href":"https:\/\/www.alesportperu.com\/es_es\/wp-json\/wp\/v2\/product"}],"about":[{"href":"https:\/\/www.alesportperu.com\/es_es\/wp-json\/wp\/v2\/types\/product"}],"replies":[{"embeddable":true,"href":"https:\/\/www.alesportperu.com\/es_es\/wp-json\/wp\/v2\/comments?post=34951"}],"version-history":[{"count":3,"href":"https:\/\/www.alesportperu.com\/es_es\/wp-json\/wp\/v2\/product\/34951\/revisions"}],"predecessor-version":[{"id":36368,"href":"https:\/\/www.alesportperu.com\/es_es\/wp-json\/wp\/v2\/product\/34951\/revisions\/36368"}],"wp:featuredmedia":[{"embeddable":true,"href":"https:\/\/www.alesportperu.com\/es_es\/wp-json\/wp\/v2\/media\/34947"}],"wp:attachment":[{"href":"https:\/\/www.alesportperu.com\/es_es\/wp-json\/wp\/v2\/media?parent=34951"}],"wp:term":[{"taxonomy":"product_brand","embeddable":true,"href":"https:\/\/www.alesportperu.com\/es_es\/wp-json\/wp\/v2\/product_brand?post=34951"},{"taxonomy":"product_cat","embeddable":true,"href":"https:\/\/www.alesportperu.com\/es_es\/wp-json\/wp\/v2\/product_cat?post=34951"},{"taxonomy":"product_tag","embeddable":true,"href":"https:\/\/www.alesportperu.com\/es_es\/wp-json\/wp\/v2\/product_tag?post=34951"}],"curies":[{"name":"wp","href":"https:\/\/api.w.org\/{rel}","templated":true}]}}