{"id":34930,"date":"2026-03-16T17:57:08","date_gmt":"2026-03-16T17:57:08","guid":{"rendered":"https:\/\/www.alesportperu.com\/producto\/continental\/"},"modified":"2026-05-12T20:08:13","modified_gmt":"2026-05-12T20:08:13","slug":"continental","status":"publish","type":"product","link":"https:\/\/www.alesportperu.com\/es_es\/producto\/continental\/","title":{"rendered":"Zapatillas Munich Continental"},"content":{"rendered":"<p>La Munich Continental es una zapatilla de f\u00fatbol sala de gama alta, reconocida como un referente cl\u00e1sico por su durabilidad y prestaciones profesionales. Fabricada principalmente con piel de canguro de gran suavidad, ofrece excelente toque de bal\u00f3n, resistencia y un ajuste c\u00f3modo, destacando por su suela vulcanizada de gran tracci\u00f3n.<\/p>","protected":false},"excerpt":{"rendered":"<div class=\"Y3BBE\" data-sfc-cp=\"\" data-sfc-root=\"c\" data-sfc-cb=\"\" data-hveid=\"CAIQAA\" data-processed=\"true\"><strong class=\"Yjhzub\" data-sfc-root=\"c\" data-sfc-cb=\"\" data-processed=\"true\">Caracter\u00edsticas principales:<\/strong><\/div>\n<ul class=\"KsbFXc U6u95\" data-sfc-root=\"c\" data-sfc-cb=\"\" data-processed=\"true\">\n<li class=\"dF3vjf\" data-sfc-root=\"c\" data-sfc-cb=\"\" data-hveid=\"CAMQAA\" data-processed=\"true\"><span class=\"T286Pc\" data-sfc-cp=\"\" data-sfc-root=\"c\" data-sfc-cb=\"\" data-processed=\"true\"><strong class=\"Yjhzub\" data-sfc-root=\"c\" data-sfc-cb=\"\" data-processed=\"true\">Material:<\/strong>\u00a0Piel de canguro de alta calidad en la parte delantera para mayor adherencia y manejo del bal\u00f3n.<\/span><\/li>\n<li class=\"dF3vjf\" data-sfc-root=\"c\" data-sfc-cb=\"\" data-hveid=\"CAMQAQ\" data-processed=\"true\"><span class=\"T286Pc\" data-sfc-cp=\"\" data-sfc-root=\"c\" data-sfc-cb=\"\" data-processed=\"true\"><strong class=\"Yjhzub\" data-sfc-root=\"c\" data-sfc-cb=\"\" data-processed=\"true\">Suela:<\/strong>\u00a0Vulcanizada con caucho de alta resistencia, dise\u00f1ada con un punto de pivotaje para giros r\u00e1pidos sin perder estabilidad, ideal para parquet y superficies interiores.<\/span><\/li>\n<li class=\"dF3vjf\" data-sfc-root=\"c\" data-sfc-cb=\"\" data-hveid=\"CAMQAg\" data-processed=\"true\"><span class=\"T286Pc\" data-sfc-cp=\"\" data-sfc-root=\"c\" data-sfc-cb=\"\" data-processed=\"true\"><strong class=\"Yjhzub\" data-sfc-root=\"c\" data-sfc-cb=\"\" data-processed=\"true\">Amortiguaci\u00f3n:<\/strong>\u00a0Incorpora una entresuela de dos densidades o EVA para comodidad en los apoyos, reduciendo el impacto en rodillas y tobillos.<\/span><\/li>\n<li class=\"dF3vjf\" data-sfc-root=\"c\" data-sfc-cb=\"\" data-hveid=\"CAMQAw\" data-processed=\"true\"><span class=\"T286Pc\" data-sfc-cp=\"\" data-sfc-root=\"c\" data-sfc-cb=\"\" data-processed=\"true\"><strong class=\"Yjhzub\" data-sfc-root=\"c\" data-sfc-cb=\"\" data-processed=\"true\">Estructura:<\/strong>\u00a0Dise\u00f1o robusto con refuerzos en la puntera (a menudo en piel volteada) para aumentar la durabilidad frente al desgaste intenso.<\/span><\/li>\n<li class=\"dF3vjf\" data-sfc-root=\"c\" data-sfc-cb=\"\" data-hveid=\"CAMQBA\" data-processed=\"true\"><span class=\"T286Pc\" data-sfc-cp=\"\" data-sfc-root=\"c\" data-sfc-cb=\"\" data-processed=\"true\"><strong class=\"Yjhzub\" data-sfc-root=\"c\" data-sfc-cb=\"\" data-processed=\"true\">Ajuste:<\/strong>\u00a0Tradicional sistema de cordones con interior acolchado para mayor confort.<\/span><\/li>\n<li class=\"dF3vjf\" data-sfc-root=\"c\" data-sfc-cb=\"\" data-hveid=\"CAMQBQ\" data-processed=\"true\"><span class=\"T286Pc\" data-sfc-cp=\"\" data-sfc-root=\"c\" data-sfc-cb=\"\" data-processed=\"true\"><strong class=\"Yjhzub\" data-sfc-root=\"c\" data-sfc-cb=\"\" data-processed=\"true\">Versi\u00f3n V2:<\/strong>\u00a0La versi\u00f3n, Continental V2, ofrece una opci\u00f3n que combina la durabilidad cl\u00e1sica con materiales sint\u00e9ticos y malla para aligerar peso, manteniendo la ic\u00f3nica suela.<\/span><\/li>\n<\/ul>","protected":false},"featured_media":34926,"comment_status":"open","ping_status":"closed","template":"","meta":{"_joinchat":[]},"product_brand":[],"product_cat":[77],"product_tag":[],"class_list":{"0":"post-34930","1":"product","2":"type-product","3":"status-publish","4":"has-post-thumbnail","6":"product_cat-hombre","8":"first","9":"instock","10":"sale","11":"shipping-taxable","12":"purchasable","13":"product-type-variable"},"_links":{"self":[{"href":"https:\/\/www.alesportperu.com\/es_es\/wp-json\/wp\/v2\/product\/34930","targetHints":{"allow":["GET"]}}],"collection":[{"href":"https:\/\/www.alesportperu.com\/es_es\/wp-json\/wp\/v2\/product"}],"about":[{"href":"https:\/\/www.alesportperu.com\/es_es\/wp-json\/wp\/v2\/types\/product"}],"replies":[{"embeddable":true,"href":"https:\/\/www.alesportperu.com\/es_es\/wp-json\/wp\/v2\/comments?post=34930"}],"version-history":[{"count":4,"href":"https:\/\/www.alesportperu.com\/es_es\/wp-json\/wp\/v2\/product\/34930\/revisions"}],"predecessor-version":[{"id":36373,"href":"https:\/\/www.alesportperu.com\/es_es\/wp-json\/wp\/v2\/product\/34930\/revisions\/36373"}],"wp:featuredmedia":[{"embeddable":true,"href":"https:\/\/www.alesportperu.com\/es_es\/wp-json\/wp\/v2\/media\/34926"}],"wp:attachment":[{"href":"https:\/\/www.alesportperu.com\/es_es\/wp-json\/wp\/v2\/media?parent=34930"}],"wp:term":[{"taxonomy":"product_brand","embeddable":true,"href":"https:\/\/www.alesportperu.com\/es_es\/wp-json\/wp\/v2\/product_brand?post=34930"},{"taxonomy":"product_cat","embeddable":true,"href":"https:\/\/www.alesportperu.com\/es_es\/wp-json\/wp\/v2\/product_cat?post=34930"},{"taxonomy":"product_tag","embeddable":true,"href":"https:\/\/www.alesportperu.com\/es_es\/wp-json\/wp\/v2\/product_tag?post=34930"}],"curies":[{"name":"wp","href":"https:\/\/api.w.org\/{rel}","templated":true}]}}