{"id":34259,"date":"2026-03-16T17:17:45","date_gmt":"2026-03-16T17:17:45","guid":{"rendered":"https:\/\/www.alesportperu.com\/producto\/ushuaia-club-2-0\/"},"modified":"2026-05-08T23:48:31","modified_gmt":"2026-05-08T23:48:31","slug":"ushuaia-club-2-0","status":"publish","type":"product","link":"https:\/\/www.alesportperu.com\/es_es\/producto\/ushuaia-club-2-0\/","title":{"rendered":"Zapatillas Senda Ushuaia Club 2.0"},"content":{"rendered":"<p>Las zapatillas Senda Ushuaia Club 2.0 son calzado especializado para futsal, reconocidas por ser extremadamente ligeras (aprox. 9 oz) y c\u00f3modas. Dise\u00f1adas para alta velocidad y control, cuentan con una parte superior de cuero natural o sint\u00e9tico flexible, plantilla de EVA para amortiguaci\u00f3n, tecnolog\u00eda Actionnube en la entresuela para respuesta r\u00e1pida y suela de goma de alta adherencia para interiores y canchas.<\/p>","protected":false},"excerpt":{"rendered":"<div class=\"Y3BBE\" data-sfc-cp=\"\" data-sfc-root=\"c\" data-sfc-cb=\"\" data-hveid=\"CAIQAA\" data-processed=\"true\"><strong class=\"Yjhzub\" data-sfc-root=\"c\" data-sfc-cb=\"\">Caracter\u00edsticas :<\/strong><\/div>\n<ul class=\"KsbFXc U6u95\" data-sfc-root=\"c\" data-sfc-cb=\"\" data-processed=\"true\">\n<li class=\"dF3vjf\" data-sfc-root=\"c\" data-sfc-cb=\"\" data-hveid=\"CAMQAA\"><span class=\"T286Pc\" data-sfc-cp=\"\" data-sfc-root=\"c\" data-sfc-cb=\"\"><strong class=\"Yjhzub\" data-sfc-root=\"c\" data-sfc-cb=\"\">Dise\u00f1o Ligero:<\/strong>\u00a0Construcci\u00f3n enfocada en la agilidad y velocidad.<\/span><\/li>\n<li class=\"dF3vjf\" data-sfc-root=\"c\" data-sfc-cb=\"\" data-hveid=\"CAMQAQ\"><span class=\"T286Pc\" data-sfc-cp=\"\" data-sfc-root=\"c\" data-sfc-cb=\"\"><strong class=\"Yjhzub\" data-sfc-root=\"c\" data-sfc-cb=\"\">Amortiguaci\u00f3n Superior:<\/strong>\u00a0Plantillas de EVA y entresuela\u00a0<em class=\"eujQNb\" data-sfc-root=\"c\" data-sfc-cb=\"\">Actionnube<\/em>\u00a0para m\u00e1xima comodidad y control de impacto.<\/span><\/li>\n<li class=\"dF3vjf\" data-sfc-root=\"c\" data-sfc-cb=\"\" data-hveid=\"CAMQAg\"><span class=\"T286Pc\" data-sfc-cp=\"\" data-sfc-root=\"c\" data-sfc-cb=\"\"><strong class=\"Yjhzub\" data-sfc-root=\"c\" data-sfc-cb=\"\">Suela de Alta Adherencia:<\/strong>\u00a0Goma de alta calidad ideal para superficies de interior y loza.<\/span><\/li>\n<li class=\"dF3vjf\" data-sfc-root=\"c\" data-sfc-cb=\"\" data-hveid=\"CAMQAw\"><span class=\"T286Pc\" data-sfc-cp=\"\" data-sfc-root=\"c\" data-sfc-cb=\"\"><strong class=\"Yjhzub\" data-sfc-root=\"c\" data-sfc-cb=\"\">Material Duradero:<\/strong>\u00a0Fabricadas con materiales resistentes con refuerzo en la puntera para mayor protecci\u00f3n.<\/span><\/li>\n<li class=\"dF3vjf\" data-sfc-root=\"c\" data-sfc-cb=\"\" data-hveid=\"CAMQBA\"><span class=\"T286Pc\" data-sfc-cp=\"\" data-sfc-root=\"c\" data-sfc-cb=\"\"><strong class=\"Yjhzub\" data-sfc-root=\"c\" data-sfc-cb=\"\">Transpirabilidad:<\/strong>\u00a0Incorporan materiales que facilitan la ventilaci\u00f3n para mantener los pies frescos.<\/span><\/li>\n<\/ul>","protected":false},"featured_media":28713,"comment_status":"open","ping_status":"closed","template":"","meta":{"_joinchat":[]},"product_brand":[],"product_cat":[77,371],"product_tag":[],"class_list":{"0":"post-34259","1":"product","2":"type-product","3":"status-publish","4":"has-post-thumbnail","6":"product_cat-hombre","7":"product_cat-junior","9":"first","10":"instock","11":"sale","12":"shipping-taxable","13":"purchasable","14":"product-type-variable"},"_links":{"self":[{"href":"https:\/\/www.alesportperu.com\/es_es\/wp-json\/wp\/v2\/product\/34259","targetHints":{"allow":["GET"]}}],"collection":[{"href":"https:\/\/www.alesportperu.com\/es_es\/wp-json\/wp\/v2\/product"}],"about":[{"href":"https:\/\/www.alesportperu.com\/es_es\/wp-json\/wp\/v2\/types\/product"}],"replies":[{"embeddable":true,"href":"https:\/\/www.alesportperu.com\/es_es\/wp-json\/wp\/v2\/comments?post=34259"}],"version-history":[{"count":4,"href":"https:\/\/www.alesportperu.com\/es_es\/wp-json\/wp\/v2\/product\/34259\/revisions"}],"predecessor-version":[{"id":36450,"href":"https:\/\/www.alesportperu.com\/es_es\/wp-json\/wp\/v2\/product\/34259\/revisions\/36450"}],"wp:featuredmedia":[{"embeddable":true,"href":"https:\/\/www.alesportperu.com\/es_es\/wp-json\/wp\/v2\/media\/28713"}],"wp:attachment":[{"href":"https:\/\/www.alesportperu.com\/es_es\/wp-json\/wp\/v2\/media?parent=34259"}],"wp:term":[{"taxonomy":"product_brand","embeddable":true,"href":"https:\/\/www.alesportperu.com\/es_es\/wp-json\/wp\/v2\/product_brand?post=34259"},{"taxonomy":"product_cat","embeddable":true,"href":"https:\/\/www.alesportperu.com\/es_es\/wp-json\/wp\/v2\/product_cat?post=34259"},{"taxonomy":"product_tag","embeddable":true,"href":"https:\/\/www.alesportperu.com\/es_es\/wp-json\/wp\/v2\/product_tag?post=34259"}],"curies":[{"name":"wp","href":"https:\/\/api.w.org\/{rel}","templated":true}]}}