{"id":31938,"date":"2026-02-18T01:41:25","date_gmt":"2026-02-18T01:41:25","guid":{"rendered":"https:\/\/www.alesportperu.com\/producto\/thunder-blade-2\/"},"modified":"2026-04-17T16:50:08","modified_gmt":"2026-04-17T16:50:08","slug":"thunder-blade-2","status":"publish","type":"product","link":"https:\/\/www.alesportperu.com\/es_es\/producto\/thunder-blade-2\/","title":{"rendered":"Zapatilla Mizuno Thunder Blade 2"},"content":{"rendered":"<p>Las Mizuno Thunder Blade 2 son zapatillas de v\u00f3ley y reconocidas por ser extremadamente ligeras, c\u00f3modas y r\u00e1pidas. Destacan por su gran amortiguaci\u00f3n gracias a la mediasuela inyectada de EVA y una suela ancha tipo &#8220;outrigger&#8221; que proporciona una excelente estabilidad para cambios de direcci\u00f3n.<\/p>","protected":false},"excerpt":{"rendered":"<div class=\"Y3BBE\" data-sfc-cp=\"\" data-sfc-root=\"c\" data-sfc-cb=\"\" data-hveid=\"CAIQAA\" data-processed=\"true\"><strong class=\"Yjhzub\" data-sfc-root=\"c\" data-sfc-cb=\"\">Caracter\u00edsticas:<\/strong><\/div>\n<ul class=\"KsbFXc U6u95\" data-sfc-root=\"c\" data-sfc-cb=\"\" data-processed=\"true\">\n<li class=\"dF3vjf\" data-sfc-root=\"c\" data-sfc-cb=\"\" data-hveid=\"CAMQAA\"><span class=\"T286Pc\" data-sfc-cp=\"\" data-sfc-root=\"c\" data-sfc-cb=\"\"><strong class=\"Yjhzub\" data-sfc-root=\"c\" data-sfc-cb=\"\">Ligereza:<\/strong>\u00a0Dise\u00f1adas para ser &#8220;ligeras como una pluma&#8221;, mejorando la agilidad.<\/span><\/li>\n<li class=\"dF3vjf\" data-sfc-root=\"c\" data-sfc-cb=\"\" data-hveid=\"CAMQAQ\"><span class=\"T286Pc\" data-sfc-cp=\"\" data-sfc-root=\"c\" data-sfc-cb=\"\"><strong class=\"Yjhzub\" data-sfc-root=\"c\" data-sfc-cb=\"\">Amortiguaci\u00f3n:<\/strong>\u00a0Mediasuela de inyecci\u00f3n suave (EVA) que ofrece un tacto c\u00f3modo y absorci\u00f3n de impactos.<\/span><\/li>\n<li class=\"dF3vjf\" data-sfc-root=\"c\" data-sfc-cb=\"\" data-hveid=\"CAMQAg\"><span class=\"T286Pc\" data-sfc-cp=\"\" data-sfc-root=\"c\" data-sfc-cb=\"\"><strong class=\"Yjhzub\" data-sfc-root=\"c\" data-sfc-cb=\"\">Estabilidad:<\/strong>\u00a0Suela ancha (outrigger) que mejora el agarre y la firmeza en la cancha.<\/span><\/li>\n<li class=\"dF3vjf\" data-sfc-root=\"c\" data-sfc-cb=\"\" data-hveid=\"CAMQAw\"><span class=\"T286Pc\" data-sfc-cp=\"\" data-sfc-root=\"c\" data-sfc-cb=\"\"><strong class=\"Yjhzub\" data-sfc-root=\"c\" data-sfc-cb=\"\">Transpirabilidad:<\/strong>\u00a0Tecnolog\u00eda AIRmesh en la parte superior para mantener los pies frescos.<\/span><\/li>\n<li class=\"dF3vjf\" data-sfc-root=\"c\" data-sfc-cb=\"\" data-hveid=\"CAMQBA\"><span class=\"T286Pc\" data-sfc-cp=\"\" data-sfc-root=\"c\" data-sfc-cb=\"\"><strong class=\"Yjhzub\" data-sfc-root=\"c\" data-sfc-cb=\"\">Uso:<\/strong>\u00a0Ideal para deportes de sala (indoor) con suela de goma que no deja marcas.<\/span><\/li>\n<li class=\"dF3vjf\" data-sfc-root=\"c\" data-sfc-cb=\"\" data-hveid=\"CAMQBQ\"><span class=\"T286Pc\" data-sfc-cp=\"\" data-sfc-root=\"c\" data-sfc-cb=\"\"><strong class=\"Yjhzub\" data-sfc-root=\"c\" data-sfc-cb=\"\">Comodidad:<\/strong>\u00a0Plantilla extra\u00edble de 5 mm y dise\u00f1o sin costuras en algunas versiones.<\/span><\/li>\n<\/ul>","protected":false},"featured_media":31934,"comment_status":"open","ping_status":"closed","template":"","meta":{"_joinchat":[]},"product_brand":[],"product_cat":[77,76,19],"product_tag":[],"class_list":{"0":"post-31938","1":"product","2":"type-product","3":"status-publish","4":"has-post-thumbnail","6":"product_cat-hombre","7":"product_cat-mujer","8":"product_cat-unisex","10":"first","11":"instock","12":"sale","13":"shipping-taxable","14":"purchasable","15":"product-type-variable"},"_links":{"self":[{"href":"https:\/\/www.alesportperu.com\/es_es\/wp-json\/wp\/v2\/product\/31938","targetHints":{"allow":["GET"]}}],"collection":[{"href":"https:\/\/www.alesportperu.com\/es_es\/wp-json\/wp\/v2\/product"}],"about":[{"href":"https:\/\/www.alesportperu.com\/es_es\/wp-json\/wp\/v2\/types\/product"}],"replies":[{"embeddable":true,"href":"https:\/\/www.alesportperu.com\/es_es\/wp-json\/wp\/v2\/comments?post=31938"}],"version-history":[{"count":3,"href":"https:\/\/www.alesportperu.com\/es_es\/wp-json\/wp\/v2\/product\/31938\/revisions"}],"predecessor-version":[{"id":36550,"href":"https:\/\/www.alesportperu.com\/es_es\/wp-json\/wp\/v2\/product\/31938\/revisions\/36550"}],"wp:featuredmedia":[{"embeddable":true,"href":"https:\/\/www.alesportperu.com\/es_es\/wp-json\/wp\/v2\/media\/31934"}],"wp:attachment":[{"href":"https:\/\/www.alesportperu.com\/es_es\/wp-json\/wp\/v2\/media?parent=31938"}],"wp:term":[{"taxonomy":"product_brand","embeddable":true,"href":"https:\/\/www.alesportperu.com\/es_es\/wp-json\/wp\/v2\/product_brand?post=31938"},{"taxonomy":"product_cat","embeddable":true,"href":"https:\/\/www.alesportperu.com\/es_es\/wp-json\/wp\/v2\/product_cat?post=31938"},{"taxonomy":"product_tag","embeddable":true,"href":"https:\/\/www.alesportperu.com\/es_es\/wp-json\/wp\/v2\/product_tag?post=31938"}],"curies":[{"name":"wp","href":"https:\/\/api.w.org\/{rel}","templated":true}]}}