{"id":31632,"date":"2026-02-18T01:32:38","date_gmt":"2026-02-18T01:32:38","guid":{"rendered":"https:\/\/www.alesportperu.com\/producto\/mexico-66-all-black\/"},"modified":"2026-04-17T16:46:29","modified_gmt":"2026-04-17T16:46:29","slug":"mexico-66-all-black","status":"publish","type":"product","link":"https:\/\/www.alesportperu.com\/es_es\/producto\/mexico-66-all-black\/","title":{"rendered":"Zapatilla Onitsuka Mexico 66 All Black"},"content":{"rendered":"<p>Las Onitsuka Tiger Mexico 66 &#8220;All Black&#8221; (o Triple Black) son zapatillas unisex de perfil bajo, caracterizadas por su dise\u00f1o ic\u00f3nico de los a\u00f1os 60, confeccionadas en piel suave de alta calidad, gamuza y agujetas en color negro total. Ofrecen un estilo minimalista, vers\u00e1til y elegante con las cl\u00e1sicas rayas Tiger y el refuerzo trasero caracter\u00edstico.<\/p>","protected":false},"excerpt":{"rendered":"<div class=\"Y3BBE\" data-sfc-cp=\"\" data-sfc-root=\"c\" data-sfc-cb=\"\" data-hveid=\"CAIQAA\" data-processed=\"true\"><strong class=\"Yjhzub\" data-sfc-root=\"c\" data-sfc-cb=\"\">Caracter\u00edsticas:<\/strong><\/div>\n<ul class=\"KsbFXc U6u95 Lem6n\" data-sfc-root=\"c\" data-sfc-cb=\"\" data-processed=\"true\">\n<li class=\"dF3vjf\" data-sfc-root=\"c\" data-sfc-cb=\"\" data-hveid=\"CAMQAA\"><span class=\"T286Pc\" data-sfc-cp=\"\" data-sfc-root=\"c\" data-sfc-cb=\"\"><strong class=\"Yjhzub\" data-sfc-root=\"c\" data-sfc-cb=\"\"><span class=\"N9Q8Lc\">Material:<\/span><\/strong><span class=\"N9Q8Lc\">\u00a0Piel de becerro suave con detalles en gamuza en la puntera y los laterales para mayor durabilidad.<\/span><\/span><\/li>\n<li class=\"dF3vjf\" data-sfc-root=\"c\" data-sfc-cb=\"\" data-hveid=\"CAMQAQ\"><span class=\"T286Pc\" data-sfc-cp=\"\" data-sfc-root=\"c\" data-sfc-cb=\"\"><strong class=\"Yjhzub\" data-sfc-root=\"c\" data-sfc-cb=\"\"><span class=\"N9Q8Lc\">Color:<\/span><\/strong><span class=\"N9Q8Lc\">\u00a0Negro monocrom\u00e1tico (upper, suela, agujetas y rayas).<\/span><\/span><\/li>\n<li class=\"dF3vjf\" data-sfc-root=\"c\" data-sfc-cb=\"\" data-hveid=\"CAMQAg\"><span class=\"T286Pc\" data-sfc-cp=\"\" data-sfc-root=\"c\" data-sfc-cb=\"\"><strong class=\"Yjhzub\" data-sfc-root=\"c\" data-sfc-cb=\"\"><span class=\"N9Q8Lc\">Dise\u00f1o:<\/span><\/strong><span class=\"N9Q8Lc\">\u00a0Silueta retro basada en las zapatillas de entrenamiento LIMBER-UP\u2122 de 1961.<\/span><\/span><\/li>\n<li class=\"dF3vjf\" data-sfc-root=\"c\" data-sfc-cb=\"\" data-hveid=\"CAMQAw\"><span class=\"T286Pc\" data-sfc-cp=\"\" data-sfc-root=\"c\" data-sfc-cb=\"\"><strong class=\"Yjhzub\" data-sfc-root=\"c\" data-sfc-cb=\"\"><span class=\"N9Q8Lc\">Comodidad:<\/span><\/strong><span class=\"N9Q8Lc\">\u00a0Ligera, con una suela delgada de goma que ofrece buena flexibilidad, ideal para uso diario urbano.<\/span><\/span><\/li>\n<li class=\"dF3vjf\" data-sfc-root=\"c\" data-sfc-cb=\"\" data-hveid=\"CAMQBA\"><span class=\"T286Pc\" data-sfc-cp=\"\" data-sfc-root=\"c\" data-sfc-cb=\"\"><strong class=\"Yjhzub\" data-sfc-root=\"c\" data-sfc-cb=\"\"><span class=\"N9Q8Lc\">Detalles:<\/span><\/strong><span class=\"N9Q8Lc\">\u00a0Refuerzo met\u00e1lico en el interior, logotipo de Onitsuka Tiger en la leng\u00fceta y tirador en el tal\u00f3n.<\/span><\/span><span class=\"uJ19be notranslate\" data-sfc-root=\"c\" data-wiz-uids=\"seiDGb_1b,seiDGb_1c\" data-sfc-cb=\"\"><span class=\"vKEkVd\" data-animation-atomic=\"\" data-wiz-attrbind=\"class=seiDGb_1a\/TKHnVd\"><span aria-hidden=\"true\">\u00a0<\/span><\/span><\/span><\/li>\n<\/ul>","protected":false},"featured_media":31628,"comment_status":"open","ping_status":"closed","template":"","meta":{"_joinchat":[]},"product_brand":[],"product_cat":[77,19],"product_tag":[],"class_list":{"0":"post-31632","1":"product","2":"type-product","3":"status-publish","4":"has-post-thumbnail","6":"product_cat-hombre","7":"product_cat-unisex","9":"first","10":"instock","11":"sale","12":"shipping-taxable","13":"purchasable","14":"product-type-variable"},"_links":{"self":[{"href":"https:\/\/www.alesportperu.com\/es_es\/wp-json\/wp\/v2\/product\/31632","targetHints":{"allow":["GET"]}}],"collection":[{"href":"https:\/\/www.alesportperu.com\/es_es\/wp-json\/wp\/v2\/product"}],"about":[{"href":"https:\/\/www.alesportperu.com\/es_es\/wp-json\/wp\/v2\/types\/product"}],"replies":[{"embeddable":true,"href":"https:\/\/www.alesportperu.com\/es_es\/wp-json\/wp\/v2\/comments?post=31632"}],"version-history":[{"count":3,"href":"https:\/\/www.alesportperu.com\/es_es\/wp-json\/wp\/v2\/product\/31632\/revisions"}],"predecessor-version":[{"id":36580,"href":"https:\/\/www.alesportperu.com\/es_es\/wp-json\/wp\/v2\/product\/31632\/revisions\/36580"}],"wp:featuredmedia":[{"embeddable":true,"href":"https:\/\/www.alesportperu.com\/es_es\/wp-json\/wp\/v2\/media\/31628"}],"wp:attachment":[{"href":"https:\/\/www.alesportperu.com\/es_es\/wp-json\/wp\/v2\/media?parent=31632"}],"wp:term":[{"taxonomy":"product_brand","embeddable":true,"href":"https:\/\/www.alesportperu.com\/es_es\/wp-json\/wp\/v2\/product_brand?post=31632"},{"taxonomy":"product_cat","embeddable":true,"href":"https:\/\/www.alesportperu.com\/es_es\/wp-json\/wp\/v2\/product_cat?post=31632"},{"taxonomy":"product_tag","embeddable":true,"href":"https:\/\/www.alesportperu.com\/es_es\/wp-json\/wp\/v2\/product_tag?post=31632"}],"curies":[{"name":"wp","href":"https:\/\/api.w.org\/{rel}","templated":true}]}}