{"id":31003,"date":"2026-02-18T01:15:09","date_gmt":"2026-02-18T01:15:09","guid":{"rendered":"https:\/\/www.alesportperu.com\/producto\/t10\/"},"modified":"2026-04-17T16:37:47","modified_gmt":"2026-04-17T16:37:47","slug":"t10","status":"publish","type":"product","link":"https:\/\/www.alesportperu.com\/es_es\/producto\/t10\/","title":{"rendered":"RODILLERAS T10 MIZUNO"},"content":{"rendered":"<p>Las rodilleras Mizuno T10 Plus son protecci\u00f3n de alto rendimiento para voleibol, caracterizadas por un dise\u00f1o de manga larga que ofrece cobertura completa y acolchado de espuma de alta densidad. Dise\u00f1adas para absorber la humedad y resistir la abrasi\u00f3n, brindan un ajuste c\u00f3modo y seguro (talla \u00fanica\/unisex) con protecci\u00f3n lateral.<\/p>","protected":false},"excerpt":{"rendered":"<div class=\"Y3BBE\" data-sfc-cp=\"\" data-sfc-root=\"c\" data-sfc-cb=\"\" data-hveid=\"CAIQAA\" data-processed=\"true\"><strong class=\"Yjhzub\" data-sfc-root=\"c\" data-sfc-cb=\"\">Caracter\u00edsticas:<\/strong><\/div>\n<ul class=\"KsbFXc U6u95\" data-sfc-root=\"c\" data-sfc-cb=\"\" data-processed=\"true\">\n<li class=\"dF3vjf\" data-sfc-root=\"c\" data-sfc-cb=\"\" data-hveid=\"CAMQAA\"><span class=\"T286Pc\" data-sfc-cp=\"\" data-sfc-root=\"c\" data-sfc-cb=\"\"><strong class=\"Yjhzub\" data-sfc-root=\"c\" data-sfc-cb=\"\">Dise\u00f1o y Cobertura:<\/strong>\u00a0Manga larga con 5 secciones acolchadas contorneadas que ofrecen mayor cobertura, protegiendo contra impactos y raspaduras.<\/span><\/li>\n<li class=\"dF3vjf\" data-sfc-root=\"c\" data-sfc-cb=\"\" data-hveid=\"CAMQAQ\"><span class=\"T286Pc\" data-sfc-cp=\"\" data-sfc-root=\"c\" data-sfc-cb=\"\"><strong class=\"Yjhzub\" data-sfc-root=\"c\" data-sfc-cb=\"\">Materiales:<\/strong>\u00a0Confeccionadas con una mezcla de 68% Poli\u00e9ster, 20% Ray\u00f3n y 12% Elastano, lo que garantiza durabilidad y flexibilidad.<\/span><\/li>\n<li class=\"dF3vjf\" data-sfc-root=\"c\" data-sfc-cb=\"\" data-hveid=\"CAMQAg\"><span class=\"T286Pc\" data-sfc-cp=\"\" data-sfc-root=\"c\" data-sfc-cb=\"\"><strong class=\"Yjhzub\" data-sfc-root=\"c\" data-sfc-cb=\"\">Ajuste:<\/strong>\u00a0Talla \u00fanica universal para adultos, adapt\u00e1ndose a circunferencias de rodilla de entre 30.5 cm y 44.5 cm.<\/span><\/li>\n<li class=\"dF3vjf\" data-sfc-root=\"c\" data-sfc-cb=\"\" data-hveid=\"CAMQAw\"><span class=\"T286Pc\" data-sfc-cp=\"\" data-sfc-root=\"c\" data-sfc-cb=\"\"><strong class=\"Yjhzub\" data-sfc-root=\"c\" data-sfc-cb=\"\">Detalles T\u00e9cnicos:<\/strong>\u00a0Acolchado de espuma de alta densidad, protecci\u00f3n lateral y logotipo Mizuno Runbird bordado.<\/span><\/li>\n<li class=\"dF3vjf\" data-sfc-root=\"c\" data-sfc-cb=\"\" data-hveid=\"CAMQBA\"><span class=\"T286Pc\" data-sfc-cp=\"\" data-sfc-root=\"c\" data-sfc-cb=\"\"><strong class=\"Yjhzub\" data-sfc-root=\"c\" data-sfc-cb=\"\">Uso:<\/strong>\u00a0Especialmente indicadas para voleibol, pero aptas para otros deportes intensos.<\/span><\/li>\n<\/ul>","protected":false},"featured_media":30999,"comment_status":"open","ping_status":"closed","template":"","meta":{"_joinchat":[]},"product_brand":[],"product_cat":[24,77,76,19],"product_tag":[],"class_list":{"0":"post-31003","1":"product","2":"type-product","3":"status-publish","4":"has-post-thumbnail","6":"product_cat-accessories","7":"product_cat-hombre","8":"product_cat-mujer","9":"product_cat-unisex","11":"first","12":"instock","13":"shipping-taxable","14":"purchasable","15":"product-type-variable"},"_links":{"self":[{"href":"https:\/\/www.alesportperu.com\/es_es\/wp-json\/wp\/v2\/product\/31003","targetHints":{"allow":["GET"]}}],"collection":[{"href":"https:\/\/www.alesportperu.com\/es_es\/wp-json\/wp\/v2\/product"}],"about":[{"href":"https:\/\/www.alesportperu.com\/es_es\/wp-json\/wp\/v2\/types\/product"}],"replies":[{"embeddable":true,"href":"https:\/\/www.alesportperu.com\/es_es\/wp-json\/wp\/v2\/comments?post=31003"}],"version-history":[{"count":2,"href":"https:\/\/www.alesportperu.com\/es_es\/wp-json\/wp\/v2\/product\/31003\/revisions"}],"predecessor-version":[{"id":36626,"href":"https:\/\/www.alesportperu.com\/es_es\/wp-json\/wp\/v2\/product\/31003\/revisions\/36626"}],"wp:featuredmedia":[{"embeddable":true,"href":"https:\/\/www.alesportperu.com\/es_es\/wp-json\/wp\/v2\/media\/30999"}],"wp:attachment":[{"href":"https:\/\/www.alesportperu.com\/es_es\/wp-json\/wp\/v2\/media?parent=31003"}],"wp:term":[{"taxonomy":"product_brand","embeddable":true,"href":"https:\/\/www.alesportperu.com\/es_es\/wp-json\/wp\/v2\/product_brand?post=31003"},{"taxonomy":"product_cat","embeddable":true,"href":"https:\/\/www.alesportperu.com\/es_es\/wp-json\/wp\/v2\/product_cat?post=31003"},{"taxonomy":"product_tag","embeddable":true,"href":"https:\/\/www.alesportperu.com\/es_es\/wp-json\/wp\/v2\/product_tag?post=31003"}],"curies":[{"name":"wp","href":"https:\/\/api.w.org\/{rel}","templated":true}]}}