{"id":30944,"date":"2026-02-18T01:13:39","date_gmt":"2026-02-18T01:13:39","guid":{"rendered":"https:\/\/www.alesportperu.com\/producto\/qu4dra-br1-327-3\/"},"modified":"2026-04-17T16:37:24","modified_gmt":"2026-04-17T16:37:24","slug":"qu4dra-br1-327-3","status":"publish","type":"product","link":"https:\/\/www.alesportperu.com\/es_es\/producto\/qu4dra-br1-327-3\/","title":{"rendered":"Zapatilla Olympikus Qu4dra Br1-327 Chumbo"},"content":{"rendered":"<p>Las Olympikus Qu4dra BR1 son zapatillas de alto rendimiento dise\u00f1adas principalmente para voleibol, destacando por su ligereza, amortiguaci\u00f3n reactiva (Eleva Pro) y tracci\u00f3n superior (Gripper). Creadas con tecnolog\u00eda de vanguardia, ofrecen comodidad tipo &#8220;calcet\u00edn&#8221; y estabilidad en movimientos r\u00e1pidos, siendo una opci\u00f3n vers\u00e1til tambi\u00e9n para p\u00e1del y tenis<\/p>","protected":false},"excerpt":{"rendered":"<div class=\"Y3BBE\" data-sfc-cp=\"\" data-sfc-root=\"c\" data-sfc-cb=\"\" data-hveid=\"CAIQAA\" data-processed=\"true\"><strong class=\"Yjhzub\" data-sfc-root=\"c\" data-sfc-cb=\"\" data-processed=\"true\">Caracter\u00edsticas:<\/strong><\/div>\n<ul class=\"KsbFXc U6u95\" data-sfc-root=\"c\" data-sfc-cb=\"\" data-processed=\"true\">\n<li class=\"dF3vjf\" data-sfc-root=\"c\" data-sfc-cb=\"\" data-hveid=\"CAMQAA\" data-processed=\"true\"><span class=\"T286Pc\" data-sfc-cp=\"\" data-sfc-root=\"c\" data-sfc-cb=\"\" data-processed=\"true\"><strong class=\"Yjhzub\" data-sfc-root=\"c\" data-sfc-cb=\"\" data-processed=\"true\">Tecnolog\u00eda Eleva Pro:<\/strong>\u00a0Tecnolog\u00eda en la suela que proporciona una amortiguaci\u00f3n reactiva, con gran ligereza y comodidad, generando un efecto de &#8220;trampol\u00edn&#8221;.<\/span><\/li>\n<li class=\"dF3vjf\" data-sfc-root=\"c\" data-sfc-cb=\"\" data-hveid=\"CAMQAQ\" data-processed=\"true\"><span class=\"T286Pc\" data-sfc-cp=\"\" data-sfc-root=\"c\" data-sfc-cb=\"\" data-processed=\"true\"><strong class=\"Yjhzub\" data-sfc-root=\"c\" data-sfc-cb=\"\" data-processed=\"true\">Tecnolog\u00eda Gripper:<\/strong>\u00a0Goma antideslizante de alta resistencia que garantiza tracci\u00f3n firme y segura en las canchas.<\/span><\/li>\n<li class=\"dF3vjf\" data-sfc-root=\"c\" data-sfc-cb=\"\" data-hveid=\"CAMQAg\" data-processed=\"true\"><span class=\"T286Pc\" data-sfc-cp=\"\" data-sfc-root=\"c\" data-sfc-cb=\"\" data-processed=\"true\"><strong class=\"Yjhzub\" data-sfc-root=\"c\" data-sfc-cb=\"\" data-processed=\"true\">Capellada (Upper):<\/strong>\u00a0Confeccionada con tejido de poli\u00e9ster espaciado, que mejora la transpirabilidad y ofrece un ajuste seguro y c\u00f3modo tipo calcet\u00edn.<\/span><\/li>\n<li class=\"dF3vjf\" data-sfc-root=\"c\" data-sfc-cb=\"\" data-hveid=\"CAMQAw\" data-processed=\"true\"><span class=\"T286Pc\" data-sfc-cp=\"\" data-sfc-root=\"c\" data-sfc-cb=\"\" data-processed=\"true\"><strong class=\"Yjhzub\" data-sfc-root=\"c\" data-sfc-cb=\"\" data-processed=\"true\">Plantilla:<\/strong>\u00a0Anat\u00f3mica, fabricada en poli\u00e9ster y EVA de 4 mm, dise\u00f1ada para moldearse al pie y evitar deslizamientos internos.<\/span><\/li>\n<li class=\"dF3vjf\" data-sfc-root=\"c\" data-sfc-cb=\"\" data-hveid=\"CAMQBA\" data-processed=\"true\"><span class=\"T286Pc\" data-sfc-cp=\"\" data-sfc-root=\"c\" data-sfc-cb=\"\" data-processed=\"true\"><strong class=\"Yjhzub\" data-sfc-root=\"c\" data-sfc-cb=\"\" data-processed=\"true\">Dise\u00f1o:<\/strong>\u00a0Estructura con l\u00edneas org\u00e1nicas y curvas, enfocada en la fluidez del movimiento y la agilidad.<\/span><\/li>\n<\/ul>","protected":false},"featured_media":35459,"comment_status":"open","ping_status":"closed","template":"","meta":{"_joinchat":[]},"product_brand":[],"product_cat":[19],"product_tag":[],"class_list":{"0":"post-30944","1":"product","2":"type-product","3":"status-publish","4":"has-post-thumbnail","6":"product_cat-unisex","8":"first","9":"instock","10":"sale","11":"shipping-taxable","12":"purchasable","13":"product-type-variable"},"_links":{"self":[{"href":"https:\/\/www.alesportperu.com\/es_es\/wp-json\/wp\/v2\/product\/30944","targetHints":{"allow":["GET"]}}],"collection":[{"href":"https:\/\/www.alesportperu.com\/es_es\/wp-json\/wp\/v2\/product"}],"about":[{"href":"https:\/\/www.alesportperu.com\/es_es\/wp-json\/wp\/v2\/types\/product"}],"replies":[{"embeddable":true,"href":"https:\/\/www.alesportperu.com\/es_es\/wp-json\/wp\/v2\/comments?post=30944"}],"version-history":[{"count":4,"href":"https:\/\/www.alesportperu.com\/es_es\/wp-json\/wp\/v2\/product\/30944\/revisions"}],"predecessor-version":[{"id":36971,"href":"https:\/\/www.alesportperu.com\/es_es\/wp-json\/wp\/v2\/product\/30944\/revisions\/36971"}],"wp:featuredmedia":[{"embeddable":true,"href":"https:\/\/www.alesportperu.com\/es_es\/wp-json\/wp\/v2\/media\/35459"}],"wp:attachment":[{"href":"https:\/\/www.alesportperu.com\/es_es\/wp-json\/wp\/v2\/media?parent=30944"}],"wp:term":[{"taxonomy":"product_brand","embeddable":true,"href":"https:\/\/www.alesportperu.com\/es_es\/wp-json\/wp\/v2\/product_brand?post=30944"},{"taxonomy":"product_cat","embeddable":true,"href":"https:\/\/www.alesportperu.com\/es_es\/wp-json\/wp\/v2\/product_cat?post=30944"},{"taxonomy":"product_tag","embeddable":true,"href":"https:\/\/www.alesportperu.com\/es_es\/wp-json\/wp\/v2\/product_tag?post=30944"}],"curies":[{"name":"wp","href":"https:\/\/api.w.org\/{rel}","templated":true}]}}