{"id":30819,"date":"2026-02-18T01:09:58","date_gmt":"2026-02-18T01:09:58","guid":{"rendered":"https:\/\/www.alesportperu.com\/producto\/mexico-66-2\/"},"modified":"2026-04-17T16:35:01","modified_gmt":"2026-04-17T16:35:01","slug":"mexico-66-2","status":"publish","type":"product","link":"https:\/\/www.alesportperu.com\/es_es\/producto\/mexico-66-2\/","title":{"rendered":"Zapatilla Onitsuka Mexico 66"},"content":{"rendered":"<p>Las Onitsuka Tiger Mexico 66 son zapatillas urbanas ic\u00f3nicas de estilo retro, lanzadas originalmente en 1966 para los Juegos Ol\u00edmpicos de 1968. Caracterizadas por su dise\u00f1o minimalista, est\u00e1n hechas de cuero de alta calidad con paneles de gamuza, la famosa franja lateral de la marca, cierre de cordones y una silueta delgada de perfil bajo.<\/p>","protected":false},"excerpt":{"rendered":"<div class=\"Y3BBE\" data-sfc-cp=\"\" data-sfc-root=\"c\" data-sfc-cb=\"\" data-hveid=\"CAIQAA\" data-processed=\"true\"><strong class=\"Yjhzub\" data-sfc-root=\"c\" data-sfc-cb=\"\">Caracter\u00edsticas:<\/strong><\/div>\n<ul class=\"KsbFXc U6u95\" data-sfc-root=\"c\" data-sfc-cb=\"\" data-processed=\"true\">\n<li class=\"dF3vjf\" data-sfc-root=\"c\" data-sfc-cb=\"\" data-hveid=\"CAMQAA\"><span class=\"T286Pc\" data-sfc-cp=\"\" data-sfc-root=\"c\" data-sfc-cb=\"\"><strong class=\"Yjhzub\" data-sfc-root=\"c\" data-sfc-cb=\"\">Materiales:<\/strong>\u00a0Empeine de cuero de alta calidad (en la mayor\u00eda de versiones) con detalles de gamuza.<\/span><\/li>\n<li class=\"dF3vjf\" data-sfc-root=\"c\" data-sfc-cb=\"\" data-hveid=\"CAMQAQ\"><span class=\"T286Pc\" data-sfc-cp=\"\" data-sfc-root=\"c\" data-sfc-cb=\"\"><strong class=\"Yjhzub\" data-sfc-root=\"c\" data-sfc-cb=\"\">Dise\u00f1o:<\/strong>\u00a0Estilo cl\u00e1sico de los a\u00f1os 60 con la ic\u00f3nica franja de tigre de la marca.<\/span><\/li>\n<li class=\"dF3vjf\" data-sfc-root=\"c\" data-sfc-cb=\"\" data-hveid=\"CAMQAg\"><span class=\"T286Pc\" data-sfc-cp=\"\" data-sfc-root=\"c\" data-sfc-cb=\"\"><strong class=\"Yjhzub\" data-sfc-root=\"c\" data-sfc-cb=\"\">Suela:<\/strong>\u00a0Suela de caucho duradero que proporciona buen agarre.<\/span><\/li>\n<li class=\"dF3vjf\" data-sfc-root=\"c\" data-sfc-cb=\"\" data-hveid=\"CAMQAw\"><span class=\"T286Pc\" data-sfc-cp=\"\" data-sfc-root=\"c\" data-sfc-cb=\"\"><strong class=\"Yjhzub\" data-sfc-root=\"c\" data-sfc-cb=\"\">Comodidad:<\/strong>\u00a0Suela fina con una plantilla de goma EVA para amortiguaci\u00f3n diaria.<\/span><\/li>\n<li class=\"dF3vjf\" data-sfc-root=\"c\" data-sfc-cb=\"\" data-hveid=\"CAMQBA\"><span class=\"T286Pc\" data-sfc-cp=\"\" data-sfc-root=\"c\" data-sfc-cb=\"\"><strong class=\"Yjhzub\" data-sfc-root=\"c\" data-sfc-cb=\"\">Variantes:<\/strong>\u00a0Adem\u00e1s del modelo cl\u00e1sico, existe la versi\u00f3n\u00a0<em class=\"eujQNb\" data-sfc-root=\"c\" data-sfc-cb=\"\"><span data-sfc-root=\"c\" data-wiz-uids=\"gVNqSd_1c\" data-sfc-cb=\"\"><a class=\"GI370e\" href=\"https:\/\/www.google.com\/search?q=Mexico+66+SD&amp;newwindow=1&amp;rlz=1C1RXQR_enPE1184PE1184&amp;biw=1689&amp;bih=944&amp;sca_esv=15ff0100134ea361&amp;sxsrf=ANbL-n4hmGQEka6JjeWAsiHCkbNSL3oLTg%3A1775682825673&amp;ei=CcXWaa7jKK6v1sQP8OiM8Q4&amp;ved=2ahUKEwjNp-Sflt-TAxUArZUCHRERA9gQgK4QegQIAxAF&amp;uact=5&amp;oq=Onitsuka+Mexico+66+descripcion&amp;gs_lp=Egxnd3Mtd2l6LXNlcnAiHk9uaXRzdWthIE1leGljbyA2NiBkZXNjcmlwY2lvbjIIEAAYgAQYogQyCBAAGIAEGKIEMggQABiiBBiJBTIFEAAY7wVImcEDUJAIWPC_A3AEeACQAQCYAZkBoAG7CaoBBDEwLjO4AQPIAQD4AQH4AQKYAhGgAuMJqAIUwgILEAAYgAQYsAMYogTCAggQABiwAxjvBcICBxAjGCcY6gLCAhAQLhgDGLQCGOoCGI8B2AEBwgIQEAAYAxi0AhjqAhiPAdgBAcICBBAjGCfCAgoQABiABBgUGIcCwgIFEAAYgATCAggQABiABBjLAcICBhAAGBYYHsICBRAhGKABmAMD8QXHoUHWLZ0V_IgGAZAGBLoGBggBEAEYCpIHBDEzLjSgB55HsgcDOS40uAfZCcIHBjQuMTIuMcgHGYAIAA&amp;sclient=gws-wiz-serp&amp;mstk=AUtExfBgNK3kC9IvE8dKMqG9aVbskL8JoGDf7uPyyC49wBL4KU7T7G0NeT3dZWblbVz9PciusDSMUfF-rXL6tdGLOr4LpNvxYi6l-FYbRO8KrwtLtg8vovPuK3v_f6x7TISWwnoJGx1xtNcjPUCrnyO5bNuDuq1HEbuMKUPHCzPvI0Z_fOkWIH00UcLW5_g790HZykqTx6Bsj0kQEFPZjXq5Oe5PUOTCc_KeRFWmnpmOmNji3yxUgkUQZutL750xLHMAIUHWiHZq9I_c6scerdiAJ04a&amp;csui=3\" data-ved=\"2ahUKEwjNp-Sflt-TAxUArZUCHRERA9gQgK4QegQIAxAF\" data-hveid=\"CAMQBQ\">Mexico 66 SD<\/a><\/span><\/em>\u00a0(m\u00e1s premium) y la versi\u00f3n\u00a0<em class=\"eujQNb\" data-sfc-root=\"c\" data-sfc-cb=\"\"><span data-sfc-root=\"c\" data-wiz-uids=\"gVNqSd_1f\" data-sfc-cb=\"\"><a class=\"GI370e\" href=\"https:\/\/www.google.com\/search?q=Slip-on&amp;newwindow=1&amp;rlz=1C1RXQR_enPE1184PE1184&amp;biw=1689&amp;bih=944&amp;sca_esv=15ff0100134ea361&amp;sxsrf=ANbL-n4hmGQEka6JjeWAsiHCkbNSL3oLTg%3A1775682825673&amp;ei=CcXWaa7jKK6v1sQP8OiM8Q4&amp;ved=2ahUKEwjNp-Sflt-TAxUArZUCHRERA9gQgK4QegQIAxAG&amp;uact=5&amp;oq=Onitsuka+Mexico+66+descripcion&amp;gs_lp=Egxnd3Mtd2l6LXNlcnAiHk9uaXRzdWthIE1leGljbyA2NiBkZXNjcmlwY2lvbjIIEAAYgAQYogQyCBAAGIAEGKIEMggQABiiBBiJBTIFEAAY7wVImcEDUJAIWPC_A3AEeACQAQCYAZkBoAG7CaoBBDEwLjO4AQPIAQD4AQH4AQKYAhGgAuMJqAIUwgILEAAYgAQYsAMYogTCAggQABiwAxjvBcICBxAjGCcY6gLCAhAQLhgDGLQCGOoCGI8B2AEBwgIQEAAYAxi0AhjqAhiPAdgBAcICBBAjGCfCAgoQABiABBgUGIcCwgIFEAAYgATCAggQABiABBjLAcICBhAAGBYYHsICBRAhGKABmAMD8QXHoUHWLZ0V_IgGAZAGBLoGBggBEAEYCpIHBDEzLjSgB55HsgcDOS40uAfZCcIHBjQuMTIuMcgHGYAIAA&amp;sclient=gws-wiz-serp&amp;mstk=AUtExfBgNK3kC9IvE8dKMqG9aVbskL8JoGDf7uPyyC49wBL4KU7T7G0NeT3dZWblbVz9PciusDSMUfF-rXL6tdGLOr4LpNvxYi6l-FYbRO8KrwtLtg8vovPuK3v_f6x7TISWwnoJGx1xtNcjPUCrnyO5bNuDuq1HEbuMKUPHCzPvI0Z_fOkWIH00UcLW5_g790HZykqTx6Bsj0kQEFPZjXq5Oe5PUOTCc_KeRFWmnpmOmNji3yxUgkUQZutL750xLHMAIUHWiHZq9I_c6scerdiAJ04a&amp;csui=3\" data-ved=\"2ahUKEwjNp-Sflt-TAxUArZUCHRERA9gQgK4QegQIAxAG\" data-hveid=\"CAMQBg\">Slip-on<\/a><\/span><\/em>\u00a0(sin cordones).<\/span><\/li>\n<li class=\"dF3vjf\" data-sfc-root=\"c\" data-sfc-cb=\"\" data-hveid=\"CAMQBw\"><span class=\"T286Pc\" data-sfc-cp=\"\" data-sfc-root=\"c\" data-sfc-cb=\"\"><strong class=\"Yjhzub\" data-sfc-root=\"c\" data-sfc-cb=\"\">Detalle Distintivo:<\/strong>\u00a0Tal\u00f3n con un dise\u00f1o caracter\u00edstico que suele incluir el logotipo de la marca.<\/span><span class=\"uJ19be notranslate\" data-sfc-root=\"c\" data-wiz-uids=\"gVNqSd_1k,gVNqSd_1l\" data-sfc-cb=\"\"><span class=\"vKEkVd\" data-animation-atomic=\"\" data-wiz-attrbind=\"class=gVNqSd_1j\/TKHnVd\"><span aria-hidden=\"true\">\u00a0<\/span><\/span><\/span><\/li>\n<\/ul>","protected":false},"featured_media":30815,"comment_status":"open","ping_status":"closed","template":"","meta":{"_joinchat":[]},"product_brand":[],"product_cat":[77,76,19],"product_tag":[],"class_list":{"0":"post-30819","1":"product","2":"type-product","3":"status-publish","4":"has-post-thumbnail","6":"product_cat-hombre","7":"product_cat-mujer","8":"product_cat-unisex","10":"first","11":"instock","12":"shipping-taxable","13":"purchasable","14":"product-type-variable"},"_links":{"self":[{"href":"https:\/\/www.alesportperu.com\/es_es\/wp-json\/wp\/v2\/product\/30819","targetHints":{"allow":["GET"]}}],"collection":[{"href":"https:\/\/www.alesportperu.com\/es_es\/wp-json\/wp\/v2\/product"}],"about":[{"href":"https:\/\/www.alesportperu.com\/es_es\/wp-json\/wp\/v2\/types\/product"}],"replies":[{"embeddable":true,"href":"https:\/\/www.alesportperu.com\/es_es\/wp-json\/wp\/v2\/comments?post=30819"}],"version-history":[{"count":3,"href":"https:\/\/www.alesportperu.com\/es_es\/wp-json\/wp\/v2\/product\/30819\/revisions"}],"predecessor-version":[{"id":36636,"href":"https:\/\/www.alesportperu.com\/es_es\/wp-json\/wp\/v2\/product\/30819\/revisions\/36636"}],"wp:featuredmedia":[{"embeddable":true,"href":"https:\/\/www.alesportperu.com\/es_es\/wp-json\/wp\/v2\/media\/30815"}],"wp:attachment":[{"href":"https:\/\/www.alesportperu.com\/es_es\/wp-json\/wp\/v2\/media?parent=30819"}],"wp:term":[{"taxonomy":"product_brand","embeddable":true,"href":"https:\/\/www.alesportperu.com\/es_es\/wp-json\/wp\/v2\/product_brand?post=30819"},{"taxonomy":"product_cat","embeddable":true,"href":"https:\/\/www.alesportperu.com\/es_es\/wp-json\/wp\/v2\/product_cat?post=30819"},{"taxonomy":"product_tag","embeddable":true,"href":"https:\/\/www.alesportperu.com\/es_es\/wp-json\/wp\/v2\/product_tag?post=30819"}],"curies":[{"name":"wp","href":"https:\/\/api.w.org\/{rel}","templated":true}]}}