{"id":30635,"date":"2026-02-18T01:04:49","date_gmt":"2026-02-18T01:04:49","guid":{"rendered":"https:\/\/www.alesportperu.com\/producto\/blade-ff\/"},"modified":"2026-05-08T23:20:32","modified_gmt":"2026-05-08T23:20:32","slug":"blade-ff","status":"publish","type":"product","link":"https:\/\/www.alesportperu.com\/es_es\/producto\/blade-ff\/","title":{"rendered":"Zapatilla Asics Blade FF"},"content":{"rendered":"<p>Las ASICS Blade FF son zapatillas de alto rendimiento dise\u00f1adas para deportes de cancha interior\u00a0 voleibol. Destacan por su excelente sujeci\u00f3n, flexibilidad y rapidez, incorporando tecnolog\u00eda FLYTEFOAM para amortiguaci\u00f3n ligera, surcos X-GUIDANCE para movimientos multidireccionales y una estructura de suela que favorece la velocidad.<\/p>","protected":false},"excerpt":{"rendered":"<div class=\"Y3BBE\" data-sfc-cp=\"\" data-sfc-root=\"c\" data-sfc-cb=\"\" data-hveid=\"CAIQAA\" data-processed=\"true\"><strong class=\"Yjhzub\" data-sfc-root=\"c\" data-sfc-cb=\"\">Caracter\u00edsticas Principales:<\/strong><button class=\"rBl3me\" tabindex=\"0\" data-amic=\"true\" data-icl-uuid=\"0fe679eb-7d5e-4cfe-b7a9-814439715966\" aria-label=\"Ver v\u00ednculos relacionados\" data-wiz-attrbind=\"disabled=ehr6td_p\/C5gNJc;aria-label=ehr6td_p\/bOjMyf;class=ehr6td_p\/UpSNec\" data-ved=\"2ahUKEwiy0Y2umN-TAxXwkJUCHWSIEIQQye0OegQIAhAB\" data-hveid=\"CAIQAQ\"><\/button><\/div>\n<ul class=\"KsbFXc U6u95\" data-sfc-root=\"c\" data-sfc-cb=\"\" data-processed=\"true\">\n<li class=\"dF3vjf\" data-sfc-root=\"c\" data-sfc-cb=\"\" data-hveid=\"CAMQAA\"><span class=\"T286Pc\" data-sfc-cp=\"\" data-sfc-root=\"c\" data-sfc-cb=\"\"><strong class=\"Yjhzub\" data-sfc-root=\"c\" data-sfc-cb=\"\">Sujeci\u00f3n y Estabilidad:<\/strong>\u00a0Sistema SPEEDTRUSS en TPU que mejora la estabilidad y potencia los movimientos r\u00e1pidos.<\/span><\/li>\n<li class=\"dF3vjf\" data-sfc-root=\"c\" data-sfc-cb=\"\" data-hveid=\"CAMQAQ\"><span class=\"T286Pc\" data-sfc-cp=\"\" data-sfc-root=\"c\" data-sfc-cb=\"\"><strong class=\"Yjhzub\" data-sfc-root=\"c\" data-sfc-cb=\"\">Flexibilidad:<\/strong>\u00a0Tecnolog\u00eda X-GUIDANCE en la suela que proporciona una flexibilidad superior para movimientos multidireccionales.<\/span><\/li>\n<li class=\"dF3vjf\" data-sfc-root=\"c\" data-sfc-cb=\"\" data-hveid=\"CAMQAg\"><span class=\"T286Pc\" data-sfc-cp=\"\" data-sfc-root=\"c\" data-sfc-cb=\"\"><strong class=\"Yjhzub\" data-sfc-root=\"c\" data-sfc-cb=\"\">Amortiguaci\u00f3n:<\/strong>\u00a0Tecnolog\u00eda FLYTEFOAM, que ofrece una sensaci\u00f3n ligera y reactiva en cada pisada.<\/span><\/li>\n<li class=\"dF3vjf\" data-sfc-root=\"c\" data-sfc-cb=\"\" data-hveid=\"CAMQAw\"><span class=\"T286Pc\" data-sfc-cp=\"\" data-sfc-root=\"c\" data-sfc-cb=\"\"><strong class=\"Yjhzub\" data-sfc-root=\"c\" data-sfc-cb=\"\">Dise\u00f1o Superior:<\/strong>\u00a0Parte superior reconstruida con malla transpirable, reforzada para un ajuste seguro y c\u00f3modo, sin costuras, lo que reduce el peso.<\/span><\/li>\n<li class=\"dF3vjf\" data-sfc-root=\"c\" data-sfc-cb=\"\" data-hveid=\"CAMQBA\"><span class=\"T286Pc\" data-sfc-cp=\"\" data-sfc-root=\"c\" data-sfc-cb=\"\"><strong class=\"Yjhzub\" data-sfc-root=\"c\" data-sfc-cb=\"\">Drop Elevado:<\/strong>\u00a0Dise\u00f1adas con una ca\u00edda de tal\u00f3n de\u00a0<\/span><span class=\"T286Pc\" data-sfc-cp=\"\" data-sfc-root=\"c\" data-sfc-cb=\"\">\u00a0para acelerar las transiciones de la parte posterior a la frontal de la cancha.<\/span><\/li>\n<\/ul>","protected":false},"featured_media":30631,"comment_status":"open","ping_status":"closed","template":"","meta":{"_joinchat":[]},"product_brand":[],"product_cat":[77],"product_tag":[],"class_list":{"0":"post-30635","1":"product","2":"type-product","3":"status-publish","4":"has-post-thumbnail","6":"product_cat-hombre","8":"first","9":"instock","10":"sale","11":"shipping-taxable","12":"purchasable","13":"product-type-variable"},"_links":{"self":[{"href":"https:\/\/www.alesportperu.com\/es_es\/wp-json\/wp\/v2\/product\/30635","targetHints":{"allow":["GET"]}}],"collection":[{"href":"https:\/\/www.alesportperu.com\/es_es\/wp-json\/wp\/v2\/product"}],"about":[{"href":"https:\/\/www.alesportperu.com\/es_es\/wp-json\/wp\/v2\/types\/product"}],"replies":[{"embeddable":true,"href":"https:\/\/www.alesportperu.com\/es_es\/wp-json\/wp\/v2\/comments?post=30635"}],"version-history":[{"count":2,"href":"https:\/\/www.alesportperu.com\/es_es\/wp-json\/wp\/v2\/product\/30635\/revisions"}],"predecessor-version":[{"id":36642,"href":"https:\/\/www.alesportperu.com\/es_es\/wp-json\/wp\/v2\/product\/30635\/revisions\/36642"}],"wp:featuredmedia":[{"embeddable":true,"href":"https:\/\/www.alesportperu.com\/es_es\/wp-json\/wp\/v2\/media\/30631"}],"wp:attachment":[{"href":"https:\/\/www.alesportperu.com\/es_es\/wp-json\/wp\/v2\/media?parent=30635"}],"wp:term":[{"taxonomy":"product_brand","embeddable":true,"href":"https:\/\/www.alesportperu.com\/es_es\/wp-json\/wp\/v2\/product_brand?post=30635"},{"taxonomy":"product_cat","embeddable":true,"href":"https:\/\/www.alesportperu.com\/es_es\/wp-json\/wp\/v2\/product_cat?post=30635"},{"taxonomy":"product_tag","embeddable":true,"href":"https:\/\/www.alesportperu.com\/es_es\/wp-json\/wp\/v2\/product_tag?post=30635"}],"curies":[{"name":"wp","href":"https:\/\/api.w.org\/{rel}","templated":true}]}}