{"id":30502,"date":"2026-02-18T01:00:20","date_gmt":"2026-02-18T01:00:20","guid":{"rendered":"https:\/\/www.alesportperu.com\/producto\/gel-dedicate-8-clay-6\/"},"modified":"2026-04-17T16:30:59","modified_gmt":"2026-04-17T16:30:59","slug":"gel-dedicate-8-clay-6","status":"publish","type":"product","link":"https:\/\/www.alesportperu.com\/es_es\/producto\/gel-dedicate-8-clay-6\/","title":{"rendered":"Zapatilla Asics Gel-Dedicate 8 Clay"},"content":{"rendered":"<p>Las ASICS GEL-Dedicate 8 Clay son zapatillas de tenis para hombre\/mujer dise\u00f1adas para tierra batida (clay), destacando por su estabilidad, flexibilidad y gran relaci\u00f3n calidad-precio. Incorporan tecnolog\u00eda GEL\u2122 en el antepi\u00e9 para amortiguaci\u00f3n, sistema TRUSSTIC\u2122 para soporte lateral, y parte superior sint\u00e9tica duradera<\/p>","protected":false},"excerpt":{"rendered":"<div class=\"Y3BBE\" data-sfc-cp=\"\" data-sfc-root=\"c\" data-sfc-cb=\"\" data-hveid=\"CAIQAA\"><strong class=\"Yjhzub\" data-sfc-root=\"c\" data-sfc-cb=\"\">Caracter\u00edsticas:<\/strong><\/div>\n<ul class=\"KsbFXc U6u95\" data-sfc-root=\"c\" data-sfc-cb=\"\">\n<li class=\"dF3vjf\" data-sfc-root=\"c\" data-sfc-cb=\"\" data-hveid=\"CAMQAA\"><span class=\"T286Pc\" data-sfc-cp=\"\" data-sfc-root=\"c\" data-sfc-cb=\"\"><strong class=\"Yjhzub\" data-sfc-root=\"c\" data-sfc-cb=\"\">Suela Clay (Tierra Batida):<\/strong>\u00a0Dibujo espec\u00edfico para tracci\u00f3n y deslizamiento controlado en arcilla.<\/span><\/li>\n<li class=\"dF3vjf\" data-sfc-root=\"c\" data-sfc-cb=\"\" data-hveid=\"CAMQAQ\"><span class=\"T286Pc\" data-sfc-cp=\"\" data-sfc-root=\"c\" data-sfc-cb=\"\"><strong class=\"Yjhzub\" data-sfc-root=\"c\" data-sfc-cb=\"\">Amortiguaci\u00f3n GEL\u2122:<\/strong>\u00a0Tecnolog\u00eda en el antepi\u00e9 que absorbe impactos, reduciendo la sobrecarga articular.<\/span><\/li>\n<li class=\"dF3vjf\" data-sfc-root=\"c\" data-sfc-cb=\"\" data-hveid=\"CAMQAg\"><span class=\"T286Pc\" data-sfc-cp=\"\" data-sfc-root=\"c\" data-sfc-cb=\"\"><strong class=\"Yjhzub\" data-sfc-root=\"c\" data-sfc-cb=\"\">Estabilidad y Soporte:<\/strong>\u00a0El soporte TRUSSTIC\u2122 y el refuerzo de la puntera en piel sint\u00e9tica brindan firmeza en movimientos laterales r\u00e1pidos.<\/span><\/li>\n<li class=\"dF3vjf\" data-sfc-root=\"c\" data-sfc-cb=\"\" data-hveid=\"CAMQAw\"><span class=\"T286Pc\" data-sfc-cp=\"\" data-sfc-root=\"c\" data-sfc-cb=\"\"><strong class=\"Yjhzub\" data-sfc-root=\"c\" data-sfc-cb=\"\">Dise\u00f1o Superior:<\/strong>\u00a0Revestimientos sint\u00e9ticos que mejoran la durabilidad y malla para mayor transpirabilidad.<\/span><\/li>\n<li class=\"dF3vjf\" data-sfc-root=\"c\" data-sfc-cb=\"\" data-hveid=\"CAMQBA\"><span class=\"T286Pc\" data-sfc-cp=\"\" data-sfc-root=\"c\" data-sfc-cb=\"\"><strong class=\"Yjhzub\" data-sfc-root=\"c\" data-sfc-cb=\"\">Comodidad:<\/strong>\u00a0Suela exterior envolvente y dise\u00f1o c\u00f3modo para jugadores principiantes y recreativos.<\/span><\/li>\n<\/ul>","protected":false},"featured_media":30498,"comment_status":"open","ping_status":"closed","template":"","meta":{"_joinchat":[]},"product_brand":[],"product_cat":[76],"product_tag":[],"class_list":{"0":"post-30502","1":"product","2":"type-product","3":"status-publish","4":"has-post-thumbnail","6":"product_cat-mujer","8":"first","9":"instock","10":"sale","11":"shipping-taxable","12":"purchasable","13":"product-type-variable"},"_links":{"self":[{"href":"https:\/\/www.alesportperu.com\/es_es\/wp-json\/wp\/v2\/product\/30502","targetHints":{"allow":["GET"]}}],"collection":[{"href":"https:\/\/www.alesportperu.com\/es_es\/wp-json\/wp\/v2\/product"}],"about":[{"href":"https:\/\/www.alesportperu.com\/es_es\/wp-json\/wp\/v2\/types\/product"}],"replies":[{"embeddable":true,"href":"https:\/\/www.alesportperu.com\/es_es\/wp-json\/wp\/v2\/comments?post=30502"}],"version-history":[{"count":2,"href":"https:\/\/www.alesportperu.com\/es_es\/wp-json\/wp\/v2\/product\/30502\/revisions"}],"predecessor-version":[{"id":36937,"href":"https:\/\/www.alesportperu.com\/es_es\/wp-json\/wp\/v2\/product\/30502\/revisions\/36937"}],"wp:featuredmedia":[{"embeddable":true,"href":"https:\/\/www.alesportperu.com\/es_es\/wp-json\/wp\/v2\/media\/30498"}],"wp:attachment":[{"href":"https:\/\/www.alesportperu.com\/es_es\/wp-json\/wp\/v2\/media?parent=30502"}],"wp:term":[{"taxonomy":"product_brand","embeddable":true,"href":"https:\/\/www.alesportperu.com\/es_es\/wp-json\/wp\/v2\/product_brand?post=30502"},{"taxonomy":"product_cat","embeddable":true,"href":"https:\/\/www.alesportperu.com\/es_es\/wp-json\/wp\/v2\/product_cat?post=30502"},{"taxonomy":"product_tag","embeddable":true,"href":"https:\/\/www.alesportperu.com\/es_es\/wp-json\/wp\/v2\/product_tag?post=30502"}],"curies":[{"name":"wp","href":"https:\/\/api.w.org\/{rel}","templated":true}]}}