{"id":30468,"date":"2026-02-18T00:59:18","date_gmt":"2026-02-18T00:59:18","guid":{"rendered":"https:\/\/www.alesportperu.com\/producto\/solution-speed-ff-3-2\/"},"modified":"2026-04-17T16:30:23","modified_gmt":"2026-04-17T16:30:23","slug":"solution-speed-ff-3-2","status":"publish","type":"product","link":"https:\/\/www.alesportperu.com\/es_es\/producto\/solution-speed-ff-3-2\/","title":{"rendered":"Zapatilla Asics Solution Speed FF 3"},"content":{"rendered":"<p>Las Asics Solution Speed FF 3 son zapatillas de tenis de gama alta, ultraligeras y r\u00e1pidas, dise\u00f1adas para jugadores vers\u00e1tiles que buscan m\u00e1xima velocidad y agilidad. Incorporan tecnolog\u00eda SPEEDTRUSS\u2122 para aceleraciones r\u00e1pidas, una parte superior de malla reforzada para transpirabilidad y una suela dise\u00f1ada por IA para un agarre superior en tierra batida.<\/p>","protected":false},"excerpt":{"rendered":"<div class=\"Y3BBE\" data-sfc-cp=\"\" data-sfc-root=\"c\" data-sfc-cb=\"\" data-hveid=\"CAIQAA\" data-processed=\"true\"><strong class=\"Yjhzub\" data-sfc-root=\"c\" data-sfc-cb=\"\">Caracter\u00edsticas:<\/strong><\/div>\n<ul class=\"KsbFXc U6u95\" data-sfc-root=\"c\" data-sfc-cb=\"\" data-processed=\"true\">\n<li class=\"dF3vjf\" data-sfc-root=\"c\" data-sfc-cb=\"\" data-hveid=\"CAMQAA\"><span class=\"T286Pc\" data-sfc-cp=\"\" data-sfc-root=\"c\" data-sfc-cb=\"\"><strong class=\"Yjhzub\" data-sfc-root=\"c\" data-sfc-cb=\"\">Velocidad y Agilidad:<\/strong>\u00a0Dise\u00f1adas para movimientos r\u00e1pidos, facilitando el cambio de direcci\u00f3n.<\/span><\/li>\n<li class=\"dF3vjf\" data-sfc-root=\"c\" data-sfc-cb=\"\" data-hveid=\"CAMQAQ\"><span class=\"T286Pc\" data-sfc-cp=\"\" data-sfc-root=\"c\" data-sfc-cb=\"\"><strong class=\"Yjhzub\" data-sfc-root=\"c\" data-sfc-cb=\"\">Tecnolog\u00eda SPEEDTRUSS\u2122:<\/strong>\u00a0Mejora la agilidad al moverse y la aceleraci\u00f3n hacia adelante.<\/span><\/li>\n<li class=\"dF3vjf\" data-sfc-root=\"c\" data-sfc-cb=\"\" data-hveid=\"CAMQAg\"><span class=\"T286Pc\" data-sfc-cp=\"\" data-sfc-root=\"c\" data-sfc-cb=\"\"><strong class=\"Yjhzub\" data-sfc-root=\"c\" data-sfc-cb=\"\">Parte Superior Redise\u00f1ada:<\/strong>\u00a0Malla de ingenier\u00eda y pel\u00edcula que ofrecen ligereza, flexibilidad y una buena sujeci\u00f3n del pie.<\/span><\/li>\n<li class=\"dF3vjf\" data-sfc-root=\"c\" data-sfc-cb=\"\" data-hveid=\"CAMQAw\"><span class=\"T286Pc\" data-sfc-cp=\"\" data-sfc-root=\"c\" data-sfc-cb=\"\"><strong class=\"Yjhzub\" data-sfc-root=\"c\" data-sfc-cb=\"\">Suela de Alto Rendimiento:<\/strong>\u00a0Suela generada algor\u00edtmicamente (AI) que proporciona un equilibrio \u00f3ptimo entre agarre y flexibilidad, especialmente en pistas de arcilla.<\/span><\/li>\n<li class=\"dF3vjf\" data-sfc-root=\"c\" data-sfc-cb=\"\" data-hveid=\"CAMQBA\"><span class=\"T286Pc\" data-sfc-cp=\"\" data-sfc-root=\"c\" data-sfc-cb=\"\"><strong class=\"Yjhzub\" data-sfc-root=\"c\" data-sfc-cb=\"\">Amortiguaci\u00f3n FlyteFoam:<\/strong>\u00a0Ofrece comodidad y una sensaci\u00f3n de ligereza constante.<\/span><span class=\"uJ19be notranslate\" data-sfc-root=\"c\" data-wiz-uids=\"TpgBEe_1b,TpgBEe_1c\" data-sfc-cb=\"\"><span class=\"vKEkVd\" data-animation-atomic=\"\" data-wiz-attrbind=\"class=TpgBEe_1a\/TKHnVd\"><span aria-hidden=\"true\">\u00a0<\/span><\/span><\/span><\/li>\n<\/ul>","protected":false},"featured_media":30464,"comment_status":"open","ping_status":"closed","template":"","meta":{"_joinchat":[]},"product_brand":[],"product_cat":[76],"product_tag":[],"class_list":{"0":"post-30468","1":"product","2":"type-product","3":"status-publish","4":"has-post-thumbnail","6":"product_cat-mujer","8":"first","9":"instock","10":"sale","11":"shipping-taxable","12":"purchasable","13":"product-type-variable"},"_links":{"self":[{"href":"https:\/\/www.alesportperu.com\/es_es\/wp-json\/wp\/v2\/product\/30468","targetHints":{"allow":["GET"]}}],"collection":[{"href":"https:\/\/www.alesportperu.com\/es_es\/wp-json\/wp\/v2\/product"}],"about":[{"href":"https:\/\/www.alesportperu.com\/es_es\/wp-json\/wp\/v2\/types\/product"}],"replies":[{"embeddable":true,"href":"https:\/\/www.alesportperu.com\/es_es\/wp-json\/wp\/v2\/comments?post=30468"}],"version-history":[{"count":2,"href":"https:\/\/www.alesportperu.com\/es_es\/wp-json\/wp\/v2\/product\/30468\/revisions"}],"predecessor-version":[{"id":36940,"href":"https:\/\/www.alesportperu.com\/es_es\/wp-json\/wp\/v2\/product\/30468\/revisions\/36940"}],"wp:featuredmedia":[{"embeddable":true,"href":"https:\/\/www.alesportperu.com\/es_es\/wp-json\/wp\/v2\/media\/30464"}],"wp:attachment":[{"href":"https:\/\/www.alesportperu.com\/es_es\/wp-json\/wp\/v2\/media?parent=30468"}],"wp:term":[{"taxonomy":"product_brand","embeddable":true,"href":"https:\/\/www.alesportperu.com\/es_es\/wp-json\/wp\/v2\/product_brand?post=30468"},{"taxonomy":"product_cat","embeddable":true,"href":"https:\/\/www.alesportperu.com\/es_es\/wp-json\/wp\/v2\/product_cat?post=30468"},{"taxonomy":"product_tag","embeddable":true,"href":"https:\/\/www.alesportperu.com\/es_es\/wp-json\/wp\/v2\/product_tag?post=30468"}],"curies":[{"name":"wp","href":"https:\/\/api.w.org\/{rel}","templated":true}]}}